{"id":8417,"date":"2015-11-05T16:19:11","date_gmt":"2015-11-05T16:19:11","guid":{"rendered":"https:\/\/www.jesuspeiro.com\/wp-jesuspeiro\/fr\/?page_id=8417"},"modified":"2025-06-17T16:51:31","modified_gmt":"2025-06-17T16:51:31","slug":"points-de-vente","status":"publish","type":"page","link":"https:\/\/dev.jesuspeiro.com\/fr\/points-de-vente\/","title":{"rendered":"Points de vente"},"content":{"rendered":"\n<h4 class=\"wp-block-heading p1\">Explorez nos boutiques, nos points de vente s\u00e9lectionn\u00e9s et notre pr\u00e9sence internationale pour vivre une exp\u00e9rience unique, o\u00f9 que vous soyez.<\/h4>\n","protected":false},"excerpt":{"rendered":"<p>Explorez nos boutiques, nos points de vente s\u00e9lectionn\u00e9s et notre pr\u00e9sence internationale pour vivre une exp\u00e9rience unique, o\u00f9 que vous soyez.<\/p>\n","protected":false},"author":1,"featured_media":0,"parent":0,"menu_order":0,"comment_status":"closed","ping_status":"closed","template":"page-tiendas.php","meta":{"_acf_changed":false,"footnotes":""},"class_list":["post-8417","page","type-page","status-publish","hentry"],"acf":[],"aioseo_notices":[],"_links":{"self":[{"href":"https:\/\/dev.jesuspeiro.com\/fr\/wp-json\/wp\/v2\/pages\/8417","targetHints":{"allow":["GET"]}}],"collection":[{"href":"https:\/\/dev.jesuspeiro.com\/fr\/wp-json\/wp\/v2\/pages"}],"about":[{"href":"https:\/\/dev.jesuspeiro.com\/fr\/wp-json\/wp\/v2\/types\/page"}],"author":[{"embeddable":true,"href":"https:\/\/dev.jesuspeiro.com\/fr\/wp-json\/wp\/v2\/users\/1"}],"replies":[{"embeddable":true,"href":"https:\/\/dev.jesuspeiro.com\/fr\/wp-json\/wp\/v2\/comments?post=8417"}],"version-history":[{"count":5,"href":"https:\/\/dev.jesuspeiro.com\/fr\/wp-json\/wp\/v2\/pages\/8417\/revisions"}],"predecessor-version":[{"id":288832,"href":"https:\/\/dev.jesuspeiro.com\/fr\/wp-json\/wp\/v2\/pages\/8417\/revisions\/288832"}],"wp:attachment":[{"href":"https:\/\/dev.jesuspeiro.com\/fr\/wp-json\/wp\/v2\/media?parent=8417"}],"curies":[{"name":"wp","href":"https:\/\/api.w.org\/{rel}","templated":true}]}}