{"id":282630,"date":"2025-04-11T15:43:38","date_gmt":"2025-04-11T15:43:38","guid":{"rendered":"https:\/\/dev.jesuspeiro.com\/faqs\/"},"modified":"2025-06-08T18:35:19","modified_gmt":"2025-06-08T18:35:19","slug":"faqs","status":"publish","type":"page","link":"https:\/\/dev.jesuspeiro.com\/fr\/faqs\/","title":{"rendered":"FAQs"},"content":{"rendered":"\n<p><strong>Nous r\u00e9solvons vos doutes, pas \u00e0 pas.<\/strong><\/p>\n\n<p>Nous avons rassembl\u00e9 les questions les plus fr\u00e9quentes pour vous aider de mani\u00e8re claire et simple.<br data-start=\"300\" data-end=\"303\"\/>Si vous ne trouvez pas ce dont vous avez besoin, nous serons ravis de <a title=\"Connect\" href=\"https:\/\/dev.jesuspeiro.com\/fr\/contact\/\">vous \u00e9couter<\/a>.<\/p>\n","protected":false},"excerpt":{"rendered":"<p>Nous r\u00e9solvons vos doutes, pas \u00e0 pas. Nous avons rassembl\u00e9 les questions les plus fr\u00e9quentes pour vous aider de mani\u00e8re claire et simple.Si vous ne trouvez pas ce dont vous avez besoin, nous serons ravis de vous \u00e9couter.<\/p>\n","protected":false},"author":1,"featured_media":0,"parent":0,"menu_order":0,"comment_status":"closed","ping_status":"closed","template":"page-faqs.php","meta":{"_acf_changed":false,"footnotes":""},"class_list":["post-282630","page","type-page","status-publish","hentry"],"acf":[],"aioseo_notices":[],"_links":{"self":[{"href":"https:\/\/dev.jesuspeiro.com\/fr\/wp-json\/wp\/v2\/pages\/282630","targetHints":{"allow":["GET"]}}],"collection":[{"href":"https:\/\/dev.jesuspeiro.com\/fr\/wp-json\/wp\/v2\/pages"}],"about":[{"href":"https:\/\/dev.jesuspeiro.com\/fr\/wp-json\/wp\/v2\/types\/page"}],"author":[{"embeddable":true,"href":"https:\/\/dev.jesuspeiro.com\/fr\/wp-json\/wp\/v2\/users\/1"}],"replies":[{"embeddable":true,"href":"https:\/\/dev.jesuspeiro.com\/fr\/wp-json\/wp\/v2\/comments?post=282630"}],"version-history":[{"count":2,"href":"https:\/\/dev.jesuspeiro.com\/fr\/wp-json\/wp\/v2\/pages\/282630\/revisions"}],"predecessor-version":[{"id":286667,"href":"https:\/\/dev.jesuspeiro.com\/fr\/wp-json\/wp\/v2\/pages\/282630\/revisions\/286667"}],"wp:attachment":[{"href":"https:\/\/dev.jesuspeiro.com\/fr\/wp-json\/wp\/v2\/media?parent=282630"}],"curies":[{"name":"wp","href":"https:\/\/api.w.org\/{rel}","templated":true}]}}