{"id":272082,"date":"2024-07-16T13:21:35","date_gmt":"2024-07-16T13:21:35","guid":{"rendered":"https:\/\/www.jesuspeiro.com\/?page_id=272082"},"modified":"2025-04-18T12:52:30","modified_gmt":"2025-04-18T12:52:30","slug":"jesus-peiro-trunk-shows","status":"publish","type":"page","link":"https:\/\/dev.jesuspeiro.com\/fr\/jesus-peiro-trunk-shows\/","title":{"rendered":"Landing Trunk Shows"},"content":{"rendered":"\n<h1 class=\"wp-block-heading\"><strong>About<\/strong><\/h1>\n\n<p>JESUS PEIRO. TIMELESS ELEGANCE FOR MODERN BRIDES.<br\/><em>Handcrafted in Spain, since 1988<\/em><\/p>\n\n<p>Sous une philosophie bas\u00e9e sur l\u2019exigence de la qualit\u00e9, avec plus de 35 ans d\u2019exp\u00e9rience dans le secteur, toutes nos robes sont con\u00e7ues et fabriqu\u00e9es int\u00e9gralement en Espagne, livrant des cr\u00e9ations o\u00f9 pr\u00e9domine la qualit\u00e9 soign\u00e9e des finitions, proche de la haute couture.<\/p>\n\n<p>Gr\u00e2ce \u00e0 la fabrication sur mesure, toutes nos cr\u00e9ations sont totalement personnalisables et toutes les modifications sont r\u00e9alis\u00e9es dans notre atelier \u00e0 Barcelone. Robes livr\u00e9es avec le nom de la mari\u00e9e brod\u00e9 sur l\u2019\u00e9tiquette comme preuve de la cr\u00e9ation enti\u00e8rement sur mesure. C\u2019est notre signe distinctif.<\/p>\n\n<p>La sophistication des lignes, l\u2019harmonie dans le jeu des volumes et des tissus, les finitions artisanales associ\u00e9es \u00e0 un style \u00e9l\u00e9gant et \u00e9pur\u00e9, configurent l\u2019identit\u00e9 de JESUS PEIRO.<\/p>\n\n<p>100% MADE IN SPAIN<\/p>\n\n<p class=\"has-text-align-center\"><img loading=\"lazy\" decoding=\"async\" src=\"https:\/\/dev.jesuspeiro.com\/wp-content\/uploads\/2018\/07\/certificado-espana-black.png\" alt=\"\" width=\"86\" height=\"88\"\/><br\/><em>Productos OEC<\/em><br\/><em>Origen Espa\u00f1ol Certificado<\/em><\/p>\n","protected":false},"excerpt":{"rendered":"<p>About JESUS PEIRO. TIMELESS ELEGANCE FOR MODERN BRIDES.Handcrafted in Spain, since 1988 Sous une philosophie bas\u00e9e sur l\u2019exigence de la qualit\u00e9, avec plus de 35 ans d\u2019exp\u00e9rience dans le secteur, toutes nos robes sont con\u00e7ues et fabriqu\u00e9es int\u00e9gralement en Espagne, livrant des cr\u00e9ations o\u00f9 pr\u00e9domine la qualit\u00e9 soign\u00e9e des finitions, proche de la haute couture. [&hellip;]<\/p>\n","protected":false},"author":1,"featured_media":67104,"parent":0,"menu_order":0,"comment_status":"closed","ping_status":"closed","template":"page-landing-trunk-shows.php","meta":{"_acf_changed":false,"footnotes":""},"class_list":["post-272082","page","type-page","status-publish","has-post-thumbnail","hentry"],"acf":[],"aioseo_notices":[],"_links":{"self":[{"href":"https:\/\/dev.jesuspeiro.com\/fr\/wp-json\/wp\/v2\/pages\/272082","targetHints":{"allow":["GET"]}}],"collection":[{"href":"https:\/\/dev.jesuspeiro.com\/fr\/wp-json\/wp\/v2\/pages"}],"about":[{"href":"https:\/\/dev.jesuspeiro.com\/fr\/wp-json\/wp\/v2\/types\/page"}],"author":[{"embeddable":true,"href":"https:\/\/dev.jesuspeiro.com\/fr\/wp-json\/wp\/v2\/users\/1"}],"replies":[{"embeddable":true,"href":"https:\/\/dev.jesuspeiro.com\/fr\/wp-json\/wp\/v2\/comments?post=272082"}],"version-history":[{"count":0,"href":"https:\/\/dev.jesuspeiro.com\/fr\/wp-json\/wp\/v2\/pages\/272082\/revisions"}],"wp:featuredmedia":[{"embeddable":true,"href":"https:\/\/dev.jesuspeiro.com\/fr\/wp-json\/wp\/v2\/media\/67104"}],"wp:attachment":[{"href":"https:\/\/dev.jesuspeiro.com\/fr\/wp-json\/wp\/v2\/media?parent=272082"}],"curies":[{"name":"wp","href":"https:\/\/api.w.org\/{rel}","templated":true}]}}