{"id":8421,"date":"2015-11-05T16:19:11","date_gmt":"2015-11-05T16:19:11","guid":{"rendered":"https:\/\/www.jesuspeiro.com\/wp-jesuspeiro\/de\/?page_id=8421"},"modified":"2025-06-17T16:53:13","modified_gmt":"2025-06-17T16:53:13","slug":"geschafte","status":"publish","type":"page","link":"https:\/\/dev.jesuspeiro.com\/de\/geschafte\/","title":{"rendered":"Gesch\u00e4fte"},"content":{"rendered":"\n<h4 class=\"wp-block-heading p1\">Entdecke unsere Boutiquen, ausgew\u00e4hlte Verkaufsstellen und internationale Pr\u00e4senz, um ein einzigartiges Erlebnis zu genie\u00dfen \u2013 wo immer du auch bist.<\/h4>\n","protected":false},"excerpt":{"rendered":"<p>Entdecke unsere Boutiquen, ausgew\u00e4hlte Verkaufsstellen und internationale Pr\u00e4senz, um ein einzigartiges Erlebnis zu genie\u00dfen \u2013 wo immer du auch bist.<\/p>\n","protected":false},"author":1,"featured_media":0,"parent":0,"menu_order":0,"comment_status":"closed","ping_status":"closed","template":"page-tiendas.php","meta":{"_acf_changed":false,"footnotes":""},"class_list":["post-8421","page","type-page","status-publish","hentry"],"acf":[],"aioseo_notices":[],"_links":{"self":[{"href":"https:\/\/dev.jesuspeiro.com\/de\/wp-json\/wp\/v2\/pages\/8421","targetHints":{"allow":["GET"]}}],"collection":[{"href":"https:\/\/dev.jesuspeiro.com\/de\/wp-json\/wp\/v2\/pages"}],"about":[{"href":"https:\/\/dev.jesuspeiro.com\/de\/wp-json\/wp\/v2\/types\/page"}],"author":[{"embeddable":true,"href":"https:\/\/dev.jesuspeiro.com\/de\/wp-json\/wp\/v2\/users\/1"}],"replies":[{"embeddable":true,"href":"https:\/\/dev.jesuspeiro.com\/de\/wp-json\/wp\/v2\/comments?post=8421"}],"version-history":[{"count":5,"href":"https:\/\/dev.jesuspeiro.com\/de\/wp-json\/wp\/v2\/pages\/8421\/revisions"}],"predecessor-version":[{"id":288834,"href":"https:\/\/dev.jesuspeiro.com\/de\/wp-json\/wp\/v2\/pages\/8421\/revisions\/288834"}],"wp:attachment":[{"href":"https:\/\/dev.jesuspeiro.com\/de\/wp-json\/wp\/v2\/media?parent=8421"}],"curies":[{"name":"wp","href":"https:\/\/api.w.org\/{rel}","templated":true}]}}