{"id":272080,"date":"2024-07-16T13:21:35","date_gmt":"2024-07-16T13:21:35","guid":{"rendered":"https:\/\/www.jesuspeiro.com\/?page_id=272080"},"modified":"2025-04-18T12:51:40","modified_gmt":"2025-04-18T12:51:40","slug":"jesus-peiro-trunk-shows","status":"publish","type":"page","link":"https:\/\/dev.jesuspeiro.com\/de\/jesus-peiro-trunk-shows\/","title":{"rendered":"Landing Trunk Shows"},"content":{"rendered":"\n<h1 class=\"wp-block-heading\"><strong>About<\/strong><\/h1>\n\n<p>JESUS PEIRO. TIMELESS ELEGANCE FOR MODERN BRIDES.<br\/><em>Handcrafted in Spain, since 1988<\/em><\/p>\n\n<p>Unter einer Philosophie, die auf dem Anspruch nach Qualit\u00e4t basiert, und mit mehr als 35 Jahren Erfahrung in der Branche, werden alle unsere Kleider vollst\u00e4ndig in Spanien entworfen und hergestellt, wobei wir Kreationen liefern, bei denen die sorgf\u00e4ltige Qualit\u00e4t der Verarbeitung, die der Haute Couture nahekommt, im Vordergrund steht.<\/p>\n\n<p>Dank der Ma\u00dfanfertigung sind alle unsere Kreationen vollst\u00e4ndig personalisierbar und alle \u00c4nderungen werden in unserer Werkstatt in Barcelona vorgenommen. Kleider, die mit dem Namen der Braut auf dem Etikett geliefert werden, als Beweis f\u00fcr die vollst\u00e4ndige Ma\u00dfanfertigung. Das ist unser Markenzeichen.<\/p>\n\n<p>Die Raffinesse der Linie, die Harmonie im Spiel der Volumen und Stoffe, die handwerklichen Verarbeitungen zusammen mit einem eleganten und raffinierten Stil pr\u00e4gen die Identit\u00e4t von JESUS PEIRO.<\/p>\n\n<p>100% MADE IN SPAIN<\/p>\n\n<p class=\"has-text-align-center\"><img loading=\"lazy\" decoding=\"async\" src=\"https:\/\/dev.jesuspeiro.com\/wp-content\/uploads\/2018\/07\/certificado-espana-black.png\" alt=\"\" width=\"86\" height=\"88\"\/><br\/><em>Productos OEC<\/em><br\/><em>Origen Espa\u00f1ol Certificado<\/em><\/p>\n","protected":false},"excerpt":{"rendered":"<p>About JESUS PEIRO. TIMELESS ELEGANCE FOR MODERN BRIDES.Handcrafted in Spain, since 1988 Unter einer Philosophie, die auf dem Anspruch nach Qualit\u00e4t basiert, und mit mehr als 35 Jahren Erfahrung in der Branche, werden alle unsere Kleider vollst\u00e4ndig in Spanien entworfen und hergestellt, wobei wir Kreationen liefern, bei denen die sorgf\u00e4ltige Qualit\u00e4t der Verarbeitung, die der [&hellip;]<\/p>\n","protected":false},"author":1,"featured_media":67105,"parent":0,"menu_order":0,"comment_status":"closed","ping_status":"closed","template":"page-landing-trunk-shows.php","meta":{"_acf_changed":false,"footnotes":""},"class_list":["post-272080","page","type-page","status-publish","has-post-thumbnail","hentry"],"acf":[],"aioseo_notices":[],"_links":{"self":[{"href":"https:\/\/dev.jesuspeiro.com\/de\/wp-json\/wp\/v2\/pages\/272080","targetHints":{"allow":["GET"]}}],"collection":[{"href":"https:\/\/dev.jesuspeiro.com\/de\/wp-json\/wp\/v2\/pages"}],"about":[{"href":"https:\/\/dev.jesuspeiro.com\/de\/wp-json\/wp\/v2\/types\/page"}],"author":[{"embeddable":true,"href":"https:\/\/dev.jesuspeiro.com\/de\/wp-json\/wp\/v2\/users\/1"}],"replies":[{"embeddable":true,"href":"https:\/\/dev.jesuspeiro.com\/de\/wp-json\/wp\/v2\/comments?post=272080"}],"version-history":[{"count":0,"href":"https:\/\/dev.jesuspeiro.com\/de\/wp-json\/wp\/v2\/pages\/272080\/revisions"}],"wp:featuredmedia":[{"embeddable":true,"href":"https:\/\/dev.jesuspeiro.com\/de\/wp-json\/wp\/v2\/media\/67105"}],"wp:attachment":[{"href":"https:\/\/dev.jesuspeiro.com\/de\/wp-json\/wp\/v2\/media?parent=272080"}],"curies":[{"name":"wp","href":"https:\/\/api.w.org\/{rel}","templated":true}]}}